{"id":61,"date":"2024-03-12T20:04:45","date_gmt":"2024-03-12T19:04:45","guid":{"rendered":"https:\/\/casaitaliamedellin.com\/index.php\/espanol-para-extranjeros-copy\/"},"modified":"2026-03-04T22:01:39","modified_gmt":"2026-03-04T21:01:39","slug":"contacto","status":"publish","type":"page","link":"https:\/\/casaitaliamedellin.com\/index.php\/contacto\/","title":{"rendered":"Contacto"},"content":{"rendered":"<p>[et_pb_section fb_built=\u00bb1&#8243; specialty=\u00bbon\u00bb next_background_color=\u00bb#ffffff\u00bb padding_top_bottom_link_1=\u00bbfalse\u00bb admin_label=\u00bbHeader\u00bb _builder_version=\u00bb4.24.2&#8243; background_color=\u00bb#32326d\u00bb min_height=\u00bb561px\u00bb custom_padding=\u00bb||||false|false\u00bb bottom_divider_style=\u00bbwave\u00bb bottom_divider_height=\u00bb16vw\u00bb locked=\u00bboff\u00bb global_colors_info=\u00bb{}\u00bb][et_pb_column type=\u00bb1_2&#8243; specialty_columns=\u00bb2&#8243; _builder_version=\u00bb4.16&#8243; custom_padding=\u00bb|||\u00bb global_colors_info=\u00bb{}\u00bb custom_padding__hover=\u00bb|||\u00bb][et_pb_row_inner _builder_version=\u00bb4.16&#8243; global_colors_info=\u00bb{}\u00bb][et_pb_column_inner saved_specialty_column_type=\u00bb1_2&#8243; _builder_version=\u00bb4.16&#8243; custom_padding=\u00bb50px||||false|false\u00bb custom_padding_tablet=\u00bb0px||||false|false\u00bb custom_padding_phone=\u00bb\u00bb custom_padding_last_edited=\u00bbon|tablet\u00bb global_colors_info=\u00bb{}\u00bb][et_pb_divider color=\u00bb#e02d36&#8243; divider_position=\u00bbcenter\u00bb divider_weight=\u00bb1px\u00bb _builder_version=\u00bb4.24.2&#8243; width=\u00bb120px\u00bb height=\u00bb7px\u00bb box_shadow_style=\u00bbpreset7&#8243; box_shadow_horizontal=\u00bb40px\u00bb box_shadow_vertical=\u00bb0px\u00bb box_shadow_color=\u00bb#e02d36&#8243; locked=\u00bboff\u00bb global_colors_info=\u00bb{}\u00bb][\/et_pb_divider][et_pb_text _builder_version=\u00bb4.24.2&#8243; header_4_font=\u00bbLato|700||on|||||\u00bb header_4_text_color=\u00bb#FFFFFF\u00bb header_4_font_size=\u00bb11px\u00bb header_4_letter_spacing=\u00bb1px\u00bb custom_margin=\u00bb-38px|||130px|false|false\u00bb custom_padding=\u00bb||||false|false\u00bb locked=\u00bboff\u00bb global_colors_info=\u00bb{}\u00bb]<\/p>\n<h4>Cont\u00e1ctanos<\/h4>\n<p>[\/et_pb_text][et_pb_text _builder_version=\u00bb4.24.2&#8243; text_font=\u00bbPT Sans||||||||\u00bb text_text_color=\u00bb#d3d3d3&#8243; text_font_size=\u00bb16px\u00bb text_line_height=\u00bb1.8em\u00bb header_font=\u00bbMarcellus|700|||||||\u00bb header_text_color=\u00bb#FFFFFF\u00bb header_font_size=\u00bb60px\u00bb header_line_height=\u00bb1.1em\u00bb header_font_size_tablet=\u00bb40px\u00bb header_font_size_phone=\u00bb30px\u00bb header_font_size_last_edited=\u00bbon|phone\u00bb global_colors_info=\u00bb{}\u00bb]<\/p>\n<h1>Cont\u00e1ctanos<\/h1>\n<p>Estamos atentos a todas tus dudas o recomendaciones. Si\u00e9ntete en la confianza de contactarnos:<\/p>\n<p>[\/et_pb_text][\/et_pb_column_inner][\/et_pb_row_inner][et_pb_row_inner column_structure=\u00bb1_2,1_2&#8243; _builder_version=\u00bb4.16&#8243; custom_margin=\u00bb-17px|||||\u00bb global_colors_info=\u00bb{}\u00bb][et_pb_column_inner type=\u00bb1_2&#8243; saved_specialty_column_type=\u00bb1_2&#8243; _builder_version=\u00bb4.16&#8243; global_colors_info=\u00bb{}\u00bb][et_pb_blurb title=\u00bbCorreo electr\u00f3nico\u00bb use_icon=\u00bbon\u00bb font_icon=\u00bb&#xe076;||divi||400&#8243; icon_color=\u00bb#ffffff\u00bb image_icon_background_color=\u00bb#0f8d35&#8243; icon_placement=\u00bbleft\u00bb image_icon_width=\u00bb16px\u00bb _builder_version=\u00bb4.24.2&#8243; header_font=\u00bbPT Sans|700||on|||||\u00bb header_text_color=\u00bb#62748a\u00bb header_font_size=\u00bb12px\u00bb body_font=\u00bbPT Sans||||||||\u00bb body_text_color=\u00bb#FFFFFF\u00bb body_font_size=\u00bb16px\u00bb image_icon_custom_padding=\u00bb8px|8px|8px|8px|false|false\u00bb border_radii_image=\u00bbon|100%|100%|100%|100%\u00bb use_circle=\u00bbon\u00bb circle_color=\u00bb#007AFF\u00bb locked=\u00bboff\u00bb global_colors_info=\u00bb{}\u00bb image_icon_background_color__sticky_enabled=\u00bb#7EBEC5&#8243; image_icon_background_color__sticky=\u00bb#7EBEC5&#8243;]<\/p>\n<p>ge4medellin@garagerasmus.org<\/p>\n<p>[\/et_pb_blurb][\/et_pb_column_inner][et_pb_column_inner type=\u00bb1_2&#8243; saved_specialty_column_type=\u00bb1_2&#8243; _builder_version=\u00bb4.16&#8243; global_colors_info=\u00bb{}\u00bb][\/et_pb_column_inner][\/et_pb_row_inner][et_pb_row_inner column_structure=\u00bb1_2,1_2&#8243; _builder_version=\u00bb4.16&#8243; global_colors_info=\u00bb{}\u00bb][et_pb_column_inner type=\u00bb1_2&#8243; saved_specialty_column_type=\u00bb1_2&#8243; _builder_version=\u00bb4.16&#8243; global_colors_info=\u00bb{}\u00bb][et_pb_blurb title=\u00bbTel\u00e9fono\u00bb use_icon=\u00bbon\u00bb font_icon=\u00bb&#xf879;||fa||900&#8243; icon_color=\u00bb#ffffff\u00bb image_icon_background_color=\u00bb#0f8d35&#8243; icon_placement=\u00bbleft\u00bb image_icon_width=\u00bb16px\u00bb _builder_version=\u00bb4.24.2&#8243; header_font=\u00bbPT Sans|700||on|||||\u00bb header_text_color=\u00bb#62748a\u00bb header_font_size=\u00bb12px\u00bb body_font=\u00bbPT Sans||||||||\u00bb body_text_color=\u00bb#FFFFFF\u00bb body_font_size=\u00bb16px\u00bb image_icon_custom_padding=\u00bb8px|8px|8px|8px|false|false\u00bb border_radii_image=\u00bbon|100%|100%|100%|100%\u00bb use_circle=\u00bbon\u00bb circle_color=\u00bb#007AFF\u00bb global_colors_info=\u00bb{}\u00bb image_icon_background_color__sticky_enabled=\u00bb#7EBEC5&#8243; image_icon_background_color__sticky=\u00bb#7EBEC5&#8243;]<\/p>\n<p>(57) 301 6350757<\/p>\n<p>[\/et_pb_blurb][\/et_pb_column_inner][et_pb_column_inner type=\u00bb1_2&#8243; saved_specialty_column_type=\u00bb1_2&#8243; _builder_version=\u00bb4.16&#8243; global_colors_info=\u00bb{}\u00bb][\/et_pb_column_inner][\/et_pb_row_inner][\/et_pb_column][et_pb_column type=\u00bb1_2&#8243; _builder_version=\u00bb4.16&#8243; custom_padding=\u00bb|||\u00bb global_colors_info=\u00bb{}\u00bb custom_padding__hover=\u00bb|||\u00bb][et_pb_image src=\u00bbhttps:\/\/casaitaliamedellin.com\/wp-content\/uploads\/2024\/03\/tutor-09.png\u00bb disabled_on=\u00bbon|on|on\u00bb _builder_version=\u00bb4.24.2&#8243; positioning=\u00bbabsolute\u00bb vertical_offset=\u00bb-10px\u00bb horizontal_offset=\u00bb-115px\u00bb z_index=\u00bb1&#8243; vertical_offset_tablet=\u00bb-60px\u00bb vertical_offset_phone=\u00bb\u00bb vertical_offset_last_edited=\u00bbon|phone\u00bb width=\u00bb100%\u00bb disabled=\u00bbon\u00bb global_colors_info=\u00bb{}\u00bb][\/et_pb_image][et_pb_contact_form captcha=\u00bboff\u00bb email=\u00bbcasaitaliamedellin@gmail.com\u00bb module_id=\u00bbet_pb_contact_form_0&#8243; _builder_version=\u00bb4.24.2&#8243; form_field_background_color=\u00bbrgba(98,116,138,0.08)\u00bb form_field_text_color=\u00bb#62748a\u00bb form_field_focus_text_color=\u00bb#2a3749&#8243; form_field_custom_margin=\u00bb||30px\u00bb title_font=\u00bbMontserrat|700||on|||||\u00bb title_font_size=\u00bb15px\u00bb title_letter_spacing=\u00bb2px\u00bb title_line_height=\u00bb1.4em\u00bb form_field_font=\u00bbLato||||||||\u00bb form_field_font_size=\u00bb15px\u00bb background_color=\u00bb#ffffff\u00bb custom_button=\u00bbon\u00bb button_text_size=\u00bb14px\u00bb button_text_color=\u00bb#ffffff\u00bb button_bg_color=\u00bb#0f8d35&#8243; button_border_width=\u00bb0px\u00bb button_border_radius=\u00bb100px\u00bb button_font=\u00bbOverpass|900||on|||||\u00bb button_icon=\u00bb&#x24;||divi||400&#8243; button_on_hover=\u00bboff\u00bb button_custom_padding=\u00bb15px|50px|15px|50px|true|true\u00bb custom_padding=\u00bb40px|40px|40px|40px|true|true\u00bb border_radii=\u00bbon|5px|5px|5px|5px\u00bb box_shadow_style_button=\u00bbpreset3&#8243; box_shadow_blur_button=\u00bb28px\u00bb box_shadow_spread_button=\u00bb-10px\u00bb box_shadow_color_button=\u00bbrgba(0,122,255,0.35)\u00bb locked=\u00bboff\u00bb global_colors_info=\u00bb{}\u00bb][et_pb_contact_field field_id=\u00bbName\u00bb field_title=\u00bbTu nombre\u00bb fullwidth_field=\u00bbon\u00bb _builder_version=\u00bb4.24.2&#8243; global_colors_info=\u00bb{}\u00bb button_text_size__hover_enabled=\u00bboff\u00bb button_one_text_size__hover_enabled=\u00bboff\u00bb button_two_text_size__hover_enabled=\u00bboff\u00bb button_text_color__hover_enabled=\u00bboff\u00bb button_one_text_color__hover_enabled=\u00bboff\u00bb button_two_text_color__hover_enabled=\u00bboff\u00bb button_border_width__hover_enabled=\u00bboff\u00bb button_one_border_width__hover_enabled=\u00bboff\u00bb button_two_border_width__hover_enabled=\u00bboff\u00bb button_border_color__hover_enabled=\u00bboff\u00bb button_one_border_color__hover_enabled=\u00bboff\u00bb button_two_border_color__hover_enabled=\u00bboff\u00bb button_border_radius__hover_enabled=\u00bboff\u00bb button_one_border_radius__hover_enabled=\u00bboff\u00bb button_two_border_radius__hover_enabled=\u00bboff\u00bb button_letter_spacing__hover_enabled=\u00bboff\u00bb button_one_letter_spacing__hover_enabled=\u00bboff\u00bb button_two_letter_spacing__hover_enabled=\u00bboff\u00bb button_bg_color__hover_enabled=\u00bboff\u00bb button_one_bg_color__hover_enabled=\u00bboff\u00bb button_two_bg_color__hover_enabled=\u00bboff\u00bb][\/et_pb_contact_field][et_pb_contact_field field_id=\u00bbEmail\u00bb field_title=\u00bbTu correo electr\u00f3nico\u00bb field_type=\u00bbemail\u00bb fullwidth_field=\u00bbon\u00bb _builder_version=\u00bb4.24.2&#8243; global_colors_info=\u00bb{}\u00bb button_text_size__hover_enabled=\u00bboff\u00bb button_one_text_size__hover_enabled=\u00bboff\u00bb button_two_text_size__hover_enabled=\u00bboff\u00bb button_text_color__hover_enabled=\u00bboff\u00bb button_one_text_color__hover_enabled=\u00bboff\u00bb button_two_text_color__hover_enabled=\u00bboff\u00bb button_border_width__hover_enabled=\u00bboff\u00bb button_one_border_width__hover_enabled=\u00bboff\u00bb button_two_border_width__hover_enabled=\u00bboff\u00bb button_border_color__hover_enabled=\u00bboff\u00bb button_one_border_color__hover_enabled=\u00bboff\u00bb button_two_border_color__hover_enabled=\u00bboff\u00bb button_border_radius__hover_enabled=\u00bboff\u00bb button_one_border_radius__hover_enabled=\u00bboff\u00bb button_two_border_radius__hover_enabled=\u00bboff\u00bb button_letter_spacing__hover_enabled=\u00bboff\u00bb button_one_letter_spacing__hover_enabled=\u00bboff\u00bb button_two_letter_spacing__hover_enabled=\u00bboff\u00bb button_bg_color__hover_enabled=\u00bboff\u00bb button_one_bg_color__hover_enabled=\u00bboff\u00bb button_two_bg_color__hover_enabled=\u00bboff\u00bb][\/et_pb_contact_field][et_pb_contact_field field_id=\u00bbMessage\u00bb field_title=\u00bbTu mensaje\u00bb field_type=\u00bbtext\u00bb fullwidth_field=\u00bbon\u00bb _builder_version=\u00bb4.24.2&#8243; global_colors_info=\u00bb{}\u00bb button_text_size__hover_enabled=\u00bboff\u00bb button_one_text_size__hover_enabled=\u00bboff\u00bb button_two_text_size__hover_enabled=\u00bboff\u00bb button_text_color__hover_enabled=\u00bboff\u00bb button_one_text_color__hover_enabled=\u00bboff\u00bb button_two_text_color__hover_enabled=\u00bboff\u00bb button_border_width__hover_enabled=\u00bboff\u00bb button_one_border_width__hover_enabled=\u00bboff\u00bb button_two_border_width__hover_enabled=\u00bboff\u00bb button_border_color__hover_enabled=\u00bboff\u00bb button_one_border_color__hover_enabled=\u00bboff\u00bb button_two_border_color__hover_enabled=\u00bboff\u00bb button_border_radius__hover_enabled=\u00bboff\u00bb button_one_border_radius__hover_enabled=\u00bboff\u00bb button_two_border_radius__hover_enabled=\u00bboff\u00bb button_letter_spacing__hover_enabled=\u00bboff\u00bb button_one_letter_spacing__hover_enabled=\u00bboff\u00bb button_two_letter_spacing__hover_enabled=\u00bboff\u00bb button_bg_color__hover_enabled=\u00bboff\u00bb button_one_bg_color__hover_enabled=\u00bboff\u00bb button_two_bg_color__hover_enabled=\u00bboff\u00bb][\/et_pb_contact_field][\/et_pb_contact_form][et_pb_image src=\u00bbhttps:\/\/casaitaliamedellin.com\/wp-content\/uploads\/2024\/03\/tutor-10.png\u00bb disabled_on=\u00bbon|on|on\u00bb _builder_version=\u00bb4.24.2&#8243; positioning=\u00bbrelative\u00bb horizontal_offset=\u00bb-80px\u00bb scroll_vertical_motion_enable=\u00bbon\u00bb scroll_vertical_motion=\u00bb0|50|50|100|2|0|-2&#8243; scroll_rotating_enable=\u00bbon\u00bb scroll_rotating=\u00bb0|50|50|100|30\u00b0|0|-30\u00b0\u00bb disabled=\u00bbon\u00bb locked=\u00bboff\u00bb global_colors_info=\u00bb{}\u00bb][\/et_pb_image][\/et_pb_column][\/et_pb_section][et_pb_section fb_built=\u00bb1&#8243; admin_label=\u00bbFAQ\u00bb _builder_version=\u00bb4.24.2&#8243; background_image=\u00bbhttps:\/\/casaitaliamedellin.com\/wp-content\/uploads\/2024\/03\/section-texture.jpg\u00bb parallax=\u00bbon\u00bb global_colors_info=\u00bb{}\u00bb][et_pb_row column_structure=\u00bb1_2,1_2&#8243; _builder_version=\u00bb4.16&#8243; locked=\u00bboff\u00bb global_colors_info=\u00bb{}\u00bb][et_pb_column type=\u00bb1_2&#8243; _builder_version=\u00bb4.16&#8243; global_colors_info=\u00bb{}\u00bb][et_pb_text _builder_version=\u00bb4.24.2&#8243; header_2_font=\u00bbMarcellus|700|||||||\u00bb header_2_text_color=\u00bb#32326d\u00bb header_2_font_size=\u00bb50px\u00bb header_2_line_height=\u00bb1.3em\u00bb header_2_font_size_tablet=\u00bb32px\u00bb header_2_font_size_phone=\u00bb24px\u00bb header_2_font_size_last_edited=\u00bbon|phone\u00bb global_colors_info=\u00bb{}\u00bb]<\/p>\n<h2>Preguntas frecuentes<\/h2>\n<p>[\/et_pb_text][et_pb_divider color=\u00bb#0f8d35&#8243; divider_position=\u00bbcenter\u00bb divider_weight=\u00bb1px\u00bb _builder_version=\u00bb4.24.2&#8243; width=\u00bb120px\u00bb height=\u00bb7px\u00bb box_shadow_style=\u00bbpreset7&#8243; box_shadow_horizontal=\u00bb40px\u00bb box_shadow_vertical=\u00bb0px\u00bb box_shadow_color=\u00bb#0f8d35&#8243; locked=\u00bboff\u00bb global_colors_info=\u00bb{}\u00bb][\/et_pb_divider][et_pb_text _builder_version=\u00bb4.24.2&#8243; header_4_font=\u00bbPT Sans|700||on|||||\u00bb header_4_text_color=\u00bb#000000&#8243; header_4_font_size=\u00bb11px\u00bb header_4_letter_spacing=\u00bb1px\u00bb custom_margin=\u00bb-38px|||130px|false|false\u00bb custom_padding=\u00bb||||false|false\u00bb locked=\u00bboff\u00bb global_colors_info=\u00bb{}\u00bb]<\/p>\n<h4>FAQ<\/h4>\n<p>[\/et_pb_text][et_pb_accordion open_toggle_background_color=\u00bb#ffffff\u00bb closed_toggle_background_color=\u00bb#ffffff\u00bb icon_color=\u00bb#0f8d35&#8243; _builder_version=\u00bb4.24.2&#8243; toggle_font=\u00bbPT Sans|700|||||||\u00bb toggle_line_height=\u00bb1.3em\u00bb body_font=\u00bbPT Sans||||||||\u00bb body_font_size=\u00bb15px\u00bb body_line_height=\u00bb1.9em\u00bb border_radii=\u00bbon|6px|6px|6px|6px\u00bb border_width_all=\u00bb0px\u00bb box_shadow_style=\u00bbpreset1&#8243; box_shadow_color=\u00bbrgba(12,113,195,0.13)\u00bb global_colors_info=\u00bb{}\u00bb][et_pb_accordion_item title=\u00bbSi ya hablo italiano, \u00bfpuedo practicarlo en Casa Italia Medell\u00edn? \u00bb _builder_version=\u00bb4.16&#8243; custom_padding=\u00bb30px||30px|30px|true|false\u00bb global_colors_info=\u00bb{}\u00bb open=\u00bbon\u00bb]<\/p>\n<p>\u00a1Por supuesto! En nuestros clubes de conversaci\u00f3n, experiencias gastron\u00f3micas y la programaci\u00f3n cultural encontrar\u00e1s muchas opciones para practicar y mantener tu fluidez en el dominio del italiano. \u00a1Las puertas de tu Casa Italia Medell\u00edn est\u00e1n abiertas! <\/p>\n<p>[\/et_pb_accordion_item][et_pb_accordion_item title=\u00bbDeseo realizar un evento con alimentaci\u00f3n y ambientaci\u00f3n italiana, \u00bfCasa Italia Medell\u00edn ofrece este servicio?\u00bb _builder_version=\u00bb4.16&#8243; custom_padding=\u00bb30px||30px|30px|true|false\u00bb global_colors_info=\u00bb{}\u00bb open=\u00bboff\u00bb]<\/p>\n<p>A trav\u00e9s de Aroma d\u00b4Italia, el caf\u00e9 de Casa Italia Medell\u00edn Medell\u00edn, podr\u00e1s contar con la asesor\u00eda y el acompa\u00f1amiento de nuestra nonna y de la familia Fusca, quienes te ofrecer\u00e1n sus servicios con las recetas tradicionales y el sabor original italiano.<\/p>\n<p>[\/et_pb_accordion_item][et_pb_accordion_item title=\u00bb\u00bfEn Casa Italia Medell\u00edn me pueden brindar ayuda para realizar un intercambio acad\u00e9mico o buscar oportunidades laborales en Italia?\u00bb open=\u00bboff\u00bb _builder_version=\u00bb4.16&#8243; custom_padding=\u00bb30px||30px|30px|true|false\u00bb global_colors_info=\u00bb{}\u00bb]<\/p>\n<p>S\u00ed, a trav\u00e9s de garagErasmus realizamos las mediaciones necesarias para acompa\u00f1arte en el proceso de vinculaci\u00f3n acad\u00e9mica y\/o en la b\u00fasqueda de oportunidades laborales en Italia.<\/p>\n<p>[\/et_pb_accordion_item][\/et_pb_accordion][\/et_pb_column][et_pb_column type=\u00bb1_2&#8243; _builder_version=\u00bb4.16&#8243; global_colors_info=\u00bb{}\u00bb][et_pb_accordion open_toggle_text_color=\u00bb#ffffff\u00bb open_toggle_background_color=\u00bb#0f8d35&#8243; closed_toggle_background_color=\u00bb#0f8d35&#8243; icon_color=\u00bb#ffffff\u00bb _builder_version=\u00bb4.24.2&#8243; toggle_text_color=\u00bb#ffffff\u00bb toggle_font=\u00bbPT Sans|700|||||||\u00bb toggle_line_height=\u00bb1.3em\u00bb body_font=\u00bbPT Sans||||||||\u00bb body_text_color=\u00bb#ffffff\u00bb body_font_size=\u00bb15px\u00bb body_line_height=\u00bb1.9em\u00bb border_radii=\u00bbon|6px|6px|6px|6px\u00bb border_width_all=\u00bb0px\u00bb box_shadow_style=\u00bbpreset1&#8243; box_shadow_color=\u00bbrgba(12,113,195,0.13)\u00bb locked=\u00bboff\u00bb global_colors_info=\u00bb{}\u00bb][et_pb_accordion_item title=\u00bb\u00bfCasa Italia Medell\u00edn me puede orientar sobre los requisitos legales, para que mi familia se pueda trasladar a Italia por razones de permanencia?\u00bb _builder_version=\u00bb4.24.2&#8243; custom_padding=\u00bb30px||30px|30px|true|false\u00bb global_colors_info=\u00bb{}\u00bb open=\u00bboff\u00bb]<\/p>\n<p>S\u00ed, a trav\u00e9s de garagErasmus podemos orientarte sobre el proceso legal de traslado familiar a Italia por razones laborales, de arraigo o inter\u00e9s personal.<\/p>\n<p>[\/et_pb_accordion_item][et_pb_accordion_item title=\u00bb\u00bfEn Casa Italia Medell\u00edn me prestan el servicio de traducci\u00f3n oficial?\u00bb open=\u00bbon\u00bb _builder_version=\u00bb4.16&#8243; custom_padding=\u00bb30px||30px|30px|true|false\u00bb global_colors_info=\u00bb{}\u00bb]<\/p>\n<p>S\u00ed, Casa Italia Medell\u00edn cuenta con un equipo de traductores certificados para la traducci\u00f3n de documentos oficiales (para tr\u00e1mites educativos, notariales y de canciller\u00eda), adem\u00e1s del servicio de traducci\u00f3n simult\u00e1nea en eventos<\/p>\n<p>[\/et_pb_accordion_item][et_pb_accordion_item title=\u00bb\u00bfEn Casa Italia Medell\u00edn puedo presentar ex\u00e1menes de certificaci\u00f3n?\u00bb _builder_version=\u00bb4.16&#8243; custom_padding=\u00bb30px||30px|30px|true|false\u00bb global_colors_info=\u00bb{}\u00bb open=\u00bboff\u00bb]<\/p>\n<p>S\u00ed, somos Centro de Certificaci\u00f3n Oficial del Examen PLIDA. Tambi\u00e9n ofrecemos cursos de preparaci\u00f3n.<\/p>\n<p>[\/et_pb_accordion_item][et_pb_accordion_item title=\u00bbTengo ascendencia\/descendencia italiana y quiero tramitar mi ciudadan\u00eda \u00bfCasa Italia Medell\u00edn me brinda asesor\u00eda en este proceso?\u00bb _builder_version=\u00bb4.16&#8243; custom_padding=\u00bb30px||30px|30px|true|false\u00bb global_colors_info=\u00bb{}\u00bb open=\u00bboff\u00bb]<\/p>\n<p>No, pero te brindamos formaci\u00f3n en la lengua, requisito b\u00e1sico para el tr\u00e1mite de la ciudadan\u00eda. Tambi\u00e9n podemos conectarte con abogados y entidades competentes.<\/p>\n<p>[\/et_pb_accordion_item][\/et_pb_accordion][\/et_pb_column][\/et_pb_row][\/et_pb_section]<\/p>\n","protected":false},"excerpt":{"rendered":"<p>Cont\u00e1ctanosCont\u00e1ctanos Estamos atentos a todas tus dudas o recomendaciones. Si\u00e9ntete en la confianza de contactarnos:ge4medellin@garagerasmus.org(57) 301 6350757Preguntas frecuentesFAQ\u00a1Por supuesto! En nuestros clubes de conversaci\u00f3n, experiencias gastron\u00f3micas y la programaci\u00f3n cultural encontrar\u00e1s muchas opciones para practicar y mantener tu fluidez en el dominio del italiano. \u00a1Las puertas de tu Casa Italia Medell\u00edn est\u00e1n abiertas! A trav\u00e9s [&hellip;]<\/p>\n","protected":false},"author":1,"featured_media":0,"parent":0,"menu_order":0,"comment_status":"closed","ping_status":"closed","template":"","meta":{"_et_pb_use_builder":"on","_et_pb_old_content":"","_et_gb_content_width":"","_joinchat":[],"footnotes":""},"class_list":["post-61","page","type-page","status-publish","hentry"],"_links":{"self":[{"href":"https:\/\/casaitaliamedellin.com\/index.php\/wp-json\/wp\/v2\/pages\/61","targetHints":{"allow":["GET"]}}],"collection":[{"href":"https:\/\/casaitaliamedellin.com\/index.php\/wp-json\/wp\/v2\/pages"}],"about":[{"href":"https:\/\/casaitaliamedellin.com\/index.php\/wp-json\/wp\/v2\/types\/page"}],"author":[{"embeddable":true,"href":"https:\/\/casaitaliamedellin.com\/index.php\/wp-json\/wp\/v2\/users\/1"}],"replies":[{"embeddable":true,"href":"https:\/\/casaitaliamedellin.com\/index.php\/wp-json\/wp\/v2\/comments?post=61"}],"version-history":[{"count":22,"href":"https:\/\/casaitaliamedellin.com\/index.php\/wp-json\/wp\/v2\/pages\/61\/revisions"}],"predecessor-version":[{"id":268,"href":"https:\/\/casaitaliamedellin.com\/index.php\/wp-json\/wp\/v2\/pages\/61\/revisions\/268"}],"wp:attachment":[{"href":"https:\/\/casaitaliamedellin.com\/index.php\/wp-json\/wp\/v2\/media?parent=61"}],"curies":[{"name":"wp","href":"https:\/\/api.w.org\/{rel}","templated":true}]}}