{"id":57,"date":"2024-03-12T20:03:43","date_gmt":"2024-03-12T19:03:43","guid":{"rendered":"https:\/\/casaitaliamedellin.com\/index.php\/materiales-de-estudio-copy\/"},"modified":"2024-03-12T22:23:23","modified_gmt":"2024-03-12T21:23:23","slug":"servicios-de-traduccion","status":"publish","type":"page","link":"https:\/\/casaitaliamedellin.com\/index.php\/servicios-de-traduccion\/","title":{"rendered":"Servicios de traducci\u00f3n"},"content":{"rendered":"<p>[et_pb_section fb_built=\u00bb1&#8243; _builder_version=\u00bb4.24.2&#8243; _module_preset=\u00bbdefault\u00bb background_image=\u00bbhttps:\/\/casaitaliamedellin.com\/wp-content\/uploads\/2024\/03\/traduciendo-un-texto-italiano.jpg\u00bb parallax=\u00bbon\u00bb custom_margin=\u00bb||||false|false\u00bb custom_padding=\u00bb9.7%||11%||false|false\u00bb hover_enabled=\u00bb0&#8243; global_colors_info=\u00bb{}\u00bb sticky_enabled=\u00bb0&#8243; use_background_color_gradient=\u00bbon\u00bb background_color_gradient_stops=\u00bb#32326d 0%|rgba(50,50,109,0.09) 100%\u00bb background_color_gradient_overlays_image=\u00bbon\u00bb locked=\u00bboff\u00bb theme_builder_area=\u00bbpost_content\u00bb title_text=\u00bbtraduciendo-un-texto-italiano\u00bb][et_pb_row column_structure=\u00bb1_2,1_2&#8243; _builder_version=\u00bb4.24.2&#8243; _module_preset=\u00bbdefault\u00bb global_colors_info=\u00bb{}\u00bb theme_builder_area=\u00bbpost_content\u00bb][et_pb_column type=\u00bb1_2&#8243; _builder_version=\u00bb4.24.2&#8243; _module_preset=\u00bbdefault\u00bb global_colors_info=\u00bb{}\u00bb theme_builder_area=\u00bbpost_content\u00bb][et_pb_text _builder_version=\u00bb4.24.2&#8243; _module_preset=\u00bbdefault\u00bb text_font=\u00bbMarcellus||||||||\u00bb text_text_color=\u00bb#FFFFFF\u00bb text_font_size=\u00bb64px\u00bb header_font=\u00bbMarcellus||||||||\u00bb header_text_color=\u00bb#FFFFFF\u00bb header_font_size=\u00bb60px\u00bb custom_margin=\u00bb||6px||false|false\u00bb custom_padding=\u00bb||0px||false|false\u00bb hover_enabled=\u00bb0&#8243; global_colors_info=\u00bb{}\u00bb theme_builder_area=\u00bbpost_content\u00bb sticky_enabled=\u00bb0&#8243;]<\/p>\n<h1>Servicios de traducci\u00f3n<\/h1>\n<p>[\/et_pb_text][et_pb_text _builder_version=\u00bb4.24.2&#8243; _module_preset=\u00bbdefault\u00bb theme_builder_area=\u00bbpost_content\u00bb text_text_color=\u00bb#FFFFFF\u00bb text_font_size=\u00bb15px\u00bb hover_enabled=\u00bb0&#8243; sticky_enabled=\u00bb0&#8243;]<\/p>\n<p><span>Casa Italia Medell\u00edn es el hogar donde confluyen traductores confiables y con profundo conocimiento de los idiomas italiano y espa\u00f1ol, que te ayudar\u00e1n a traducir los textos y documentos que requieras para realizar cualquier tipo de tr\u00e1mite. <\/span><\/p>\n<p><span>En nuestro equipo contamos con traductores oficiales, docentes con amplia experiencia e int\u00e9rpretes simult\u00e1neos y de diferentes formatos comunicativos. Con ellos te garantizamos traducciones de calidad.<\/span><\/p>\n<p><span>\u00a0<\/span><\/p>\n<p>[\/et_pb_text][et_pb_button button_text=\u00bbConoce m\u00e1s\u00bb _builder_version=\u00bb4.24.2&#8243; _module_preset=\u00bbdefault\u00bb custom_button=\u00bbon\u00bb button_text_color=\u00bb#FFFFFF\u00bb button_border_color=\u00bb#FFFFFF\u00bb button_border_radius=\u00bb26px\u00bb custom_margin=\u00bb14%||||false|false\u00bb hover_enabled=\u00bb0&#8243; global_colors_info=\u00bb{}\u00bb theme_builder_area=\u00bbpost_content\u00bb sticky_enabled=\u00bb0&#8243; button_url=\u00bb#down\u00bb][\/et_pb_button][\/et_pb_column][et_pb_column type=\u00bb1_2&#8243; _builder_version=\u00bb4.24.2&#8243; _module_preset=\u00bbdefault\u00bb global_colors_info=\u00bb{}\u00bb theme_builder_area=\u00bbpost_content\u00bb][\/et_pb_column][\/et_pb_row][\/et_pb_section][et_pb_section fb_built=\u00bb1&#8243; theme_builder_area=\u00bbpost_content\u00bb _builder_version=\u00bb4.24.2&#8243; _module_preset=\u00bbdefault\u00bb][\/et_pb_section]<\/p>\n","protected":false},"excerpt":{"rendered":"<p>Servicios de traducci\u00f3nCasa Italia Medell\u00edn es el hogar donde confluyen traductores confiables y con profundo conocimiento de los idiomas italiano y espa\u00f1ol, que te ayudar\u00e1n a traducir los textos y documentos que requieras para realizar cualquier tipo de tr\u00e1mite. En nuestro equipo contamos con traductores oficiales, docentes con amplia experiencia e int\u00e9rpretes simult\u00e1neos y de [&hellip;]<\/p>\n","protected":false},"author":1,"featured_media":0,"parent":0,"menu_order":0,"comment_status":"closed","ping_status":"closed","template":"","meta":{"_et_pb_use_builder":"on","_et_pb_old_content":"<!-- wp:divi\/placeholder \/-->","_et_gb_content_width":"","_joinchat":[],"footnotes":""},"class_list":["post-57","page","type-page","status-publish","hentry"],"_links":{"self":[{"href":"https:\/\/casaitaliamedellin.com\/index.php\/wp-json\/wp\/v2\/pages\/57","targetHints":{"allow":["GET"]}}],"collection":[{"href":"https:\/\/casaitaliamedellin.com\/index.php\/wp-json\/wp\/v2\/pages"}],"about":[{"href":"https:\/\/casaitaliamedellin.com\/index.php\/wp-json\/wp\/v2\/types\/page"}],"author":[{"embeddable":true,"href":"https:\/\/casaitaliamedellin.com\/index.php\/wp-json\/wp\/v2\/users\/1"}],"replies":[{"embeddable":true,"href":"https:\/\/casaitaliamedellin.com\/index.php\/wp-json\/wp\/v2\/comments?post=57"}],"version-history":[{"count":4,"href":"https:\/\/casaitaliamedellin.com\/index.php\/wp-json\/wp\/v2\/pages\/57\/revisions"}],"predecessor-version":[{"id":154,"href":"https:\/\/casaitaliamedellin.com\/index.php\/wp-json\/wp\/v2\/pages\/57\/revisions\/154"}],"wp:attachment":[{"href":"https:\/\/casaitaliamedellin.com\/index.php\/wp-json\/wp\/v2\/media?parent=57"}],"curies":[{"name":"wp","href":"https:\/\/api.w.org\/{rel}","templated":true}]}}