{"id":53,"date":"2024-03-12T20:03:02","date_gmt":"2024-03-12T19:03:02","guid":{"rendered":"https:\/\/casaitaliamedellin.com\/index.php\/imersiones-en-italia-copy\/"},"modified":"2026-03-04T21:44:19","modified_gmt":"2026-03-04T20:44:19","slug":"espanol-para-extranjeros","status":"publish","type":"page","link":"https:\/\/casaitaliamedellin.com\/index.php\/espanol-para-extranjeros\/","title":{"rendered":"Espa\u00f1ol para extranjeros"},"content":{"rendered":"<p>[et_pb_section fb_built=\u00bb1&#8243; _builder_version=\u00bb4.24.2&#8243; _module_preset=\u00bbdefault\u00bb use_background_color_gradient=\u00bbon\u00bb background_color_gradient_stops=\u00bb#32326d 0%|rgba(50,50,109,0.09) 100%\u00bb background_color_gradient_overlays_image=\u00bbon\u00bb background_image=\u00bbhttps:\/\/casaitaliamedellin.com\/wp-content\/uploads\/2024\/03\/grupo-multiracial-estudiando.jpg\u00bb parallax=\u00bbon\u00bb custom_margin=\u00bb||||false|false\u00bb custom_padding=\u00bb9.7%||11%||false|false\u00bb locked=\u00bboff\u00bb global_colors_info=\u00bb{}\u00bb][et_pb_row column_structure=\u00bb1_2,1_2&#8243; _builder_version=\u00bb4.24.2&#8243; _module_preset=\u00bbdefault\u00bb global_colors_info=\u00bb{}\u00bb][et_pb_column type=\u00bb1_2&#8243; _builder_version=\u00bb4.24.2&#8243; _module_preset=\u00bbdefault\u00bb global_colors_info=\u00bb{}\u00bb][et_pb_text _builder_version=\u00bb4.24.2&#8243; _module_preset=\u00bbdefault\u00bb text_font=\u00bbMarcellus||||||||\u00bb text_text_color=\u00bb#FFFFFF\u00bb text_font_size=\u00bb64px\u00bb header_font=\u00bbMarcellus||||||||\u00bb header_text_color=\u00bb#FFFFFF\u00bb header_font_size=\u00bb60px\u00bb custom_margin=\u00bb||6px||false|false\u00bb custom_padding=\u00bb||0px||false|false\u00bb locked=\u00bboff\u00bb global_colors_info=\u00bb{}\u00bb]<\/p>\n<h1>Espa\u00f1ol para extranjeros<\/h1>\n<p>[\/et_pb_text][et_pb_text _builder_version=\u00bb4.24.2&#8243; _module_preset=\u00bbdefault\u00bb text_text_color=\u00bb#FFFFFF\u00bb text_font_size=\u00bb15px\u00bb global_colors_info=\u00bb{}\u00bb]<\/p>\n<p><span>En Casa Italia Medell\u00edn brindamos cursos de espa\u00f1ol para extranjeros, ideales para dominar y mejorar la fluidez en el uso del idioma. Nuestra metodolog\u00eda se apoya en actividades vivenciales que ayudar\u00e1n a nuestros estudiantes a aprender f\u00e1cilmente, mientras se conoce la cultura, tradici\u00f3n e historia de Medell\u00edn y Colombia.<\/span><\/p>\n<p>[\/et_pb_text][et_pb_button button_url=\u00bb#down\u00bb button_text=\u00bbConoce m\u00e1s\u00bb _builder_version=\u00bb4.24.2&#8243; _module_preset=\u00bbdefault\u00bb custom_button=\u00bbon\u00bb button_text_color=\u00bb#FFFFFF\u00bb button_border_color=\u00bb#FFFFFF\u00bb button_border_radius=\u00bb26px\u00bb custom_margin=\u00bb14%||||false|false\u00bb global_colors_info=\u00bb{}\u00bb][\/et_pb_button][\/et_pb_column][et_pb_column type=\u00bb1_2&#8243; _builder_version=\u00bb4.24.2&#8243; _module_preset=\u00bbdefault\u00bb global_colors_info=\u00bb{}\u00bb][\/et_pb_column][\/et_pb_row][\/et_pb_section][et_pb_section fb_built=\u00bb1&#8243; _builder_version=\u00bb4.24.2&#8243; _module_preset=\u00bbdefault\u00bb global_colors_info=\u00bb{}\u00bb][\/et_pb_section]<\/p>\n","protected":false},"excerpt":{"rendered":"<p>Espa\u00f1ol para extranjerosEn Casa Italia Medell\u00edn brindamos cursos de espa\u00f1ol para extranjeros, ideales para dominar y mejorar la fluidez en el uso del idioma. Nuestra metodolog\u00eda se apoya en actividades vivenciales que ayudar\u00e1n a nuestros estudiantes a aprender f\u00e1cilmente, mientras se conoce la cultura, tradici\u00f3n e historia de Medell\u00edn y Colombia.<\/p>\n","protected":false},"author":1,"featured_media":0,"parent":0,"menu_order":0,"comment_status":"closed","ping_status":"closed","template":"","meta":{"_et_pb_use_builder":"on","_et_pb_old_content":"<!-- wp:divi\/placeholder \/-->","_et_gb_content_width":"","_joinchat":[],"footnotes":""},"class_list":["post-53","page","type-page","status-publish","hentry"],"_links":{"self":[{"href":"https:\/\/casaitaliamedellin.com\/index.php\/wp-json\/wp\/v2\/pages\/53","targetHints":{"allow":["GET"]}}],"collection":[{"href":"https:\/\/casaitaliamedellin.com\/index.php\/wp-json\/wp\/v2\/pages"}],"about":[{"href":"https:\/\/casaitaliamedellin.com\/index.php\/wp-json\/wp\/v2\/types\/page"}],"author":[{"embeddable":true,"href":"https:\/\/casaitaliamedellin.com\/index.php\/wp-json\/wp\/v2\/users\/1"}],"replies":[{"embeddable":true,"href":"https:\/\/casaitaliamedellin.com\/index.php\/wp-json\/wp\/v2\/comments?post=53"}],"version-history":[{"count":6,"href":"https:\/\/casaitaliamedellin.com\/index.php\/wp-json\/wp\/v2\/pages\/53\/revisions"}],"predecessor-version":[{"id":267,"href":"https:\/\/casaitaliamedellin.com\/index.php\/wp-json\/wp\/v2\/pages\/53\/revisions\/267"}],"wp:attachment":[{"href":"https:\/\/casaitaliamedellin.com\/index.php\/wp-json\/wp\/v2\/media?parent=53"}],"curies":[{"name":"wp","href":"https:\/\/api.w.org\/{rel}","templated":true}]}}